{"id":41,"date":"2016-02-04T18:23:38","date_gmt":"2016-02-04T23:23:38","guid":{"rendered":"http:\/\/loftduruisseau.com\/en\/?page_id=41"},"modified":"2025-02-18T09:06:52","modified_gmt":"2025-02-18T14:06:52","slug":"advantages","status":"publish","type":"page","link":"https:\/\/lerumontcalm.com\/en\/","title":{"rendered":"Advantages"},"content":{"rendered":"<div class=\"wpb-content-wrapper\"><p>[vc_row full_width=&#8221;stretch_row_content_no_spaces&#8221; css=&#8221;.vc_custom_1592246052085{margin-bottom: 50px !important;}&#8221;][vc_column]<div class=\"avt_masterslider_el \" >\n\t\t<!-- MasterSlider -->\n\t\t<div id=\"P_MS69f1f8919c931\" class=\"master-slider-parent ms-parent-id-2\" style=\"max-width:2560px;\" >\n\n\t\t\t\n\t\t\t<!-- MasterSlider Main -->\n\t\t\t<div id=\"MS69f1f8919c931\" class=\"master-slider ms-skin-default\" >\n\t\t\t\t \t\t\t\t \n\t\t\t<div  class=\"ms-slide\" data-delay=\"3\" data-fill-mode=\"fill\"   >\n\t\t\t\t\t<img decoding=\"async\" src=\"https:\/\/lerumontcalm.com\/wp-content\/plugins\/masterslider\/public\/assets\/css\/blank.gif\" alt=\"Loft du Ruisseau\" title=\"Loft du Ruisseau\" data-src=\"https:\/\/lerumontcalm.com\/wp-content\/uploads\/2019\/10\/banniere-leru-montcalm.jpg\" \/>\n\n\t\t\t\t\t<div  class=\"ms-layer\" style=\"\"      data-ease=\"easeOutQuint\"                data-offset-x=\"200\" data-offset-y=\"40\" data-origin=\"bc\"   >\n<h3>Le RU<\/h3><\/div>\n\n\n\t\t\t\t<\/div>\n\t\t\t<div  class=\"ms-slide\" data-delay=\"3\" data-fill-mode=\"fill\"   >\n\t\t\t\t\t<img decoding=\"async\" src=\"https:\/\/lerumontcalm.com\/wp-content\/plugins\/masterslider\/public\/assets\/css\/blank.gif\" alt=\"\u00c0 distance de marche du March\u00e9 By \u00e0 Ottawa\" title=\"\u00c0 distance de marche du March\u00e9 By \u00e0 Ottawa\" data-src=\"https:\/\/lerumontcalm.com\/wp-content\/uploads\/2016\/02\/gatineau-ottawa.jpg\" \/>\n\n\t\t\t\t\t<div  class=\"ms-layer\" style=\"width:500px;\"      data-ease=\"easeOutQuint\"                data-offset-x=\"200\" data-offset-y=\"40\" data-origin=\"bc\"   >\n<h3>Two minutes from Ottawa by car<\/h3><\/div>\n\n\n\t\t\t\t<\/div>\n\t\t\t<div  class=\"ms-slide\" data-delay=\"3\" data-fill-mode=\"fill\"   >\n\t\t\t\t\t<img decoding=\"async\" src=\"https:\/\/lerumontcalm.com\/wp-content\/plugins\/masterslider\/public\/assets\/css\/blank.gif\" alt=\"Excellent emplacement en plein centre-ville\" title=\"Excellent emplacement en plein centre-ville\" data-src=\"https:\/\/lerumontcalm.com\/wp-content\/uploads\/2019\/10\/banniere-leru-montcalm.jpg\" \/>\n\n\t\t\t\t\t<div  class=\"ms-layer\" style=\"width:550px;\"      data-ease=\"easeOutQuint\"                data-offset-x=\"200\" data-offset-y=\"40\" data-origin=\"bc\"   >\n<h3>Excellent location in the hearth of Gatineau<\/h3><\/div>\n\n\n\t\t\t\t<\/div>\n\n\t\t\t<\/div>\n\t\t\t<!-- END MasterSlider Main -->\n\n\t\t\t \n\t\t<\/div>\n\t\t<!-- END MasterSlider -->\n\n\t\t<script>\n\t\t( window.MSReady = window.MSReady || [] ).push( function( $ ) {\n\n\t\t\t\"use strict\";\n\t\t\tvar masterslider_c931 = new MasterSlider();\n\n\t\t\t\/\/ slider controls\n\t\t\tmasterslider_c931.control('arrows'     ,{ autohide:true, overVideo:true  });\n\t\t\t\/\/ slider setup\n\t\t\tmasterslider_c931.setup(\"MS69f1f8919c931\", {\n\t\t\t\twidth           : 2560,\n\t\t\t\theight          : 500,\n\t\t\t\tminHeight       : 0,\n\t\t\t\tspace           : 0,\n\t\t\t\tstart           : 1,\n\t\t\t\tgrabCursor      : true,\n\t\t\t\tswipe           : true,\n\t\t\t\tmouse           : true,\n\t\t\t\tkeyboard        : false,\n\t\t\t\tlayout          : \"boxed\",\n\t\t\t\twheel           : false,\n\t\t\t\tautoplay        : true,\n                instantStartLayers:false,\n\t\t\t\tmobileBGVideo:false,\n\t\t\t\tloop            : false,\n\t\t\t\tshuffle         : false,\n\t\t\t\tpreload         : 0,\n\t\t\t\theightLimit     : true,\n\t\t\t\tautoHeight      : false,\n\t\t\t\tsmoothHeight    : true,\n\t\t\t\tendPause        : false,\n\t\t\t\toverPause       : true,\n\t\t\t\tfillMode        : \"fill\",\n\t\t\t\tcenterControls  : true,\n\t\t\t\tstartOnAppear   : false,\n\t\t\t\tlayersMode      : \"center\",\n\t\t\t\tautofillTarget  : \"\",\n\t\t\t\thideLayers      : false,\n\t\t\t\tfullscreenMargin: 0,\n\t\t\t\tspeed           : 20,\n\t\t\t\tdir             : \"h\",\n\t\t\t\tresponsive      : true,\n\t\t\t\ttabletWidth     : 768,\n\t\t\t\ttabletHeight    : null,\n\t\t\t\tphoneWidth      : 480,\n\t\t\t\tphoneHeight    : null,\n\t\t\t\tsizingReference : window,\n\t\t\t\tparallaxMode    : 'swipe',\n\t\t\t\tview            : \"basic\"\n\t\t\t});\n\n\t\t\t\n\t\t\twindow.masterslider_instances = window.masterslider_instances || [];\n\t\t\twindow.masterslider_instances.push( masterslider_c931 );\n\t\t});\n\t\t<\/script>\n\n<\/div>[\/vc_column][\/vc_row][vc_row el_class=&#8221;marg-top-bottom&#8221;][vc_column offset=&#8221;vc_col-lg-8 vc_col-md-8&#8243;][vc_column_text css=&#8221;&#8221; el_class=&#8221;txt-sec-2&#8243;]<\/p>\n<div class=\"homepromo\"><strong>Le RU &#8211; 100 Montcalm<\/strong><\/div>\n<p>Offering 102 apartments spread over 6 floors. Sophisticated design as well as superior soundproofing in each condo will provide an optimal quality of life for residents.[\/vc_column_text][\/vc_column][vc_column width=&#8221;2\/3&#8243; offset=&#8221;vc_col-lg-offset-0 vc_col-lg-4 vc_col-md-offset-0 vc_col-md-4 vc_col-sm-offset-2&#8243; el_class=&#8221;three-btn&#8221;][vc_btn title=&#8221;View our plans&#8221; size=&#8221;lg&#8221; align=&#8221;center&#8221; skin=&#8221;primary&#8221; button_block=&#8221;true&#8221; link=&#8221;url:%2Fen%2Ffloor-plans%2F|||&#8221;][vc_btn title=&#8221;View our photos&#8221; size=&#8221;lg&#8221; align=&#8221;center&#8221; skin=&#8221;primary&#8221; button_block=&#8221;true&#8221; link=&#8221;url:%2Fen%2Fphotos-videos%2F|title:Photos%20and%20videos||&#8221;][vc_btn title=&#8221;Book now!&#8221; size=&#8221;lg&#8221; align=&#8221;center&#8221; skin=&#8221;primary&#8221; button_block=&#8221;true&#8221; link=&#8221;url:%2Fen%2Fcontact-us%2F|||&#8221;][\/vc_column][\/vc_row][vc_row css=&#8221;.vc_custom_1592249631216{background-color: #f7f7f7 !important;}&#8221;][vc_column]<style type=\"text\/css\">.vc_custom_1592316754734{background-color: #f7f7f7 !important;}<\/style><div class=\"porto-block \">[vc_row full_width=\"stretch_row\" wrap_container=\"yes\" el_id=\"avantages\" css=\".vc_custom_1592316930570{background-color: #f7f7f7 !important;}\"][vc_column][vc_column_text]\r\n<h1>Life at <strong>Le RU<\/strong><\/h1>\r\n[\/vc_column_text][vc_row_inner][vc_column_inner width=\"1\/3\" offset=\"vc_col-lg-offset-0 vc_col-lg-3 vc_col-md-offset-0 vc_col-md-3 vc_col-sm-offset-1 vc_col-xs-offset-2 vc_col-xs-8\"]<div class=\"ult-new-ib ult-ib-effect-style10  ult-ib-resp ult-ib2-min-height \" data-min-width=\"768\" data-max-width=\"900\" style=\"background:#18223c; opacity:0; \" data-opacity=\"0.5\" data-hover-opacity=\"0.1\"  data-min-height=\"350\" ><img decoding=\"async\" class=\"ult-new-ib-img\" style=\"opacity:0.5;\" alt=\"Situ\u00e9 en plein Centre-Ville de Gatineau\/Ottawa\" src=\"https:\/\/lerumontcalm.com\/wp-content\/uploads\/2016\/02\/centre-ville.jpg\"  data-min-height=\"350\"   \/><div id=\"interactive-banner-wrap-8837\" class=\"ult-new-ib-desc\" style=\"\"><h2 class=\"ult-new-ib-title ult-responsive\"  data-ultimate-target='#interactive-banner-wrap-8837 .ult-new-ib-title'  data-responsive-json-new='{\"font-size\":\"\",\"line-height\":\"\"}'  style=\"font-weight:normal;\">Downtown<\/h2><div class=\"ult-new-ib-content ult-responsive\"  data-ultimate-target='#interactive-banner-wrap-8837 .ult-new-ib-content'  data-responsive-json-new='{\"font-size\":\"\",\"line-height\":\"\"}'  style=\"font-weight:normal;\"><p>The perfect location<\/p><\/div><\/div><a class=\"ult-new-ib-link\" href=\"\/en\/the-location\/\"   ><\/a><\/div><script type=\"text\/javascript\">\n\t\t\t(function($){\n\t\t\t\t$(document).ready(function(){\n\t\t\t\t\t$(\".ult-new-ib\").css(\"opacity\",\"1\");\n\t\t\t\t});\n\t\t\t})(jQuery);\n\t\t\t<\/script>[\/vc_column_inner][vc_column_inner width=\"1\/3\" offset=\"vc_col-lg-offset-0 vc_col-lg-3 vc_col-md-offset-0 vc_col-md-3 vc_col-sm-offset-1 vc_col-xs-offset-2 vc_col-xs-8\"]<div class=\"ult-new-ib ult-ib-effect-style10  ult-ib-resp ult-ib2-min-height \" data-min-width=\"768\" data-max-width=\"900\" style=\"background:#18223c; opacity:0; \" data-opacity=\"0.5\" data-hover-opacity=\"0.1\"  data-min-height=\"350\" ><img decoding=\"async\" class=\"ult-new-ib-img\" style=\"opacity:0.5;\" alt=\"null\" src=\"https:\/\/lerumontcalm.com\/wp-content\/uploads\/2019\/10\/cta-immeuble-projetRU-v2-1.jpg\"  data-min-height=\"350\"   \/><div id=\"interactive-banner-wrap-9882\" class=\"ult-new-ib-desc\" style=\"\"><h2 class=\"ult-new-ib-title ult-responsive\"  data-ultimate-target='#interactive-banner-wrap-9882 .ult-new-ib-title'  data-responsive-json-new='{\"font-size\":\"\",\"line-height\":\"\"}'  style=\"font-weight:normal;\">The Amenities<\/h2><div class=\"ult-new-ib-content ult-responsive\"  data-ultimate-target='#interactive-banner-wrap-9882 .ult-new-ib-content'  data-responsive-json-new='{\"font-size\":\"\",\"line-height\":\"\"}'  style=\"font-weight:normal;\"><p>Le RU<\/p><\/div><\/div><a class=\"ult-new-ib-link\" href=\"\/en\/building-amenities\/\"   ><\/a><\/div><script type=\"text\/javascript\">\n\t\t\t(function($){\n\t\t\t\t$(document).ready(function(){\n\t\t\t\t\t$(\".ult-new-ib\").css(\"opacity\",\"1\");\n\t\t\t\t});\n\t\t\t})(jQuery);\n\t\t\t<\/script>[\/vc_column_inner][vc_column_inner width=\"1\/3\" offset=\"vc_col-lg-offset-0 vc_col-lg-3 vc_col-md-offset-0 vc_col-md-3 vc_col-sm-offset-1 vc_col-xs-offset-2 vc_col-xs-8\"]<div class=\"ult-new-ib ult-ib-effect-style10  ult-ib-resp ult-ib2-min-height \" data-min-width=\"768\" data-max-width=\"900\" style=\"background:#18223c; opacity:0; \" data-opacity=\"0.5\" data-hover-opacity=\"0.1\"  data-min-height=\"350\" ><img decoding=\"async\" class=\"ult-new-ib-img\" style=\"opacity:0.5;\" alt=\"Le confort de nos unit\u00e9s\" src=\"https:\/\/lerumontcalm.com\/wp-content\/uploads\/2016\/02\/confort-de-nos-unites.jpg\"  data-min-height=\"350\"   \/><div id=\"interactive-banner-wrap-9539\" class=\"ult-new-ib-desc\" style=\"\"><h2 class=\"ult-new-ib-title ult-responsive\"  data-ultimate-target='#interactive-banner-wrap-9539 .ult-new-ib-title'  data-responsive-json-new='{\"font-size\":\"\",\"line-height\":\"\"}'  style=\"font-weight:normal;\">Comfort<\/h2><div class=\"ult-new-ib-content ult-responsive\"  data-ultimate-target='#interactive-banner-wrap-9539 .ult-new-ib-content'  data-responsive-json-new='{\"font-size\":\"\",\"line-height\":\"\"}'  style=\"font-weight:normal;\"><p>of our units<\/p><\/div><\/div><a class=\"ult-new-ib-link\" href=\"\/en\/comfort-of-our-units\/\"   ><\/a><\/div><script type=\"text\/javascript\">\n\t\t\t(function($){\n\t\t\t\t$(document).ready(function(){\n\t\t\t\t\t$(\".ult-new-ib\").css(\"opacity\",\"1\");\n\t\t\t\t});\n\t\t\t})(jQuery);\n\t\t\t<\/script>[\/vc_column_inner][vc_column_inner width=\"1\/3\" offset=\"vc_col-lg-offset-0 vc_col-lg-3 vc_col-md-offset-0 vc_col-md-3 vc_col-sm-offset-1 vc_col-xs-offset-2 vc_col-xs-8\"]<div class=\"ult-new-ib ult-ib-effect-style10  ult-ib-resp ult-ib2-min-height \" data-min-width=\"768\" data-max-width=\"900\" style=\"background:#18223c; opacity:0; \" data-opacity=\"0.5\" data-hover-opacity=\"0.1\"  data-min-height=\"350\" ><img decoding=\"async\" class=\"ult-new-ib-img\" style=\"opacity:0.5;\" alt=\"Pourquoi louer au Loft du Ruisseau\" src=\"https:\/\/lerumontcalm.com\/wp-content\/uploads\/2016\/02\/pourquoi.jpg\"  data-min-height=\"350\"   \/><div id=\"interactive-banner-wrap-8957\" class=\"ult-new-ib-desc\" style=\"\"><h2 class=\"ult-new-ib-title ult-responsive\"  data-ultimate-target='#interactive-banner-wrap-8957 .ult-new-ib-title'  data-responsive-json-new='{\"font-size\":\"\",\"line-height\":\"\"}'  style=\"font-weight:normal;\">Why<\/h2><div class=\"ult-new-ib-content ult-responsive\"  data-ultimate-target='#interactive-banner-wrap-8957 .ult-new-ib-content'  data-responsive-json-new='{\"font-size\":\"\",\"line-height\":\"\"}'  style=\"font-weight:normal;\"><p>Rent at Le RU<\/p><\/div><\/div><a class=\"ult-new-ib-link\" href=\"\/en\/why-le-ru\/\"   ><\/a><\/div><script type=\"text\/javascript\">\n\t\t\t(function($){\n\t\t\t\t$(document).ready(function(){\n\t\t\t\t\t$(\".ult-new-ib\").css(\"opacity\",\"1\");\n\t\t\t\t});\n\t\t\t})(jQuery);\n\t\t\t<\/script>[\/vc_column_inner][\/vc_row_inner][\/vc_column][\/vc_row]<\/div>[\/vc_column][\/vc_row][vc_row][vc_column]<style type=\"text\/css\">.vc_custom_1592330087873{background-color: #000000 !important;}<\/style><div class=\"porto-block \">[vc_row full_width=\"stretch_row\" wrap_container=\"yes\" el_id=\"cta\" css=\".vc_custom_1592330087873{background-color: #000000 !important;}\"][vc_column offset=\"vc_col-md-9 vc_col-xs-12\"][vc_column_text css=\"\"]\r\n<p class=\"txt-1\">Are you interested in moving into one of<span style=\"color: #dec9a3;\"> our buildings<\/span> ?<\/p>\r\n[\/vc_column_text][\/vc_column][vc_column width=\"1\/4\"][vc_btn title=\"Book now!\" style=\"classic\" size=\"lg\" align=\"right\" skin=\"primary\" link=\"url:%2Fen%2Fcontact-us%2F|||\" el_class=\"btn-cta\"][\/vc_column][\/vc_row]<\/div>[\/vc_column][\/vc_row]<\/p>\n<\/div>","protected":false},"excerpt":{"rendered":"<p>[vc_row full_width=&#8221;stretch_row_content_no_spaces&#8221; css=&#8221;.vc_custom_1592246052085{margin-bottom: 50px !important;}&#8221;][vc_column][\/vc_column][\/vc_row][vc_row el_class=&#8221;marg-top-bottom&#8221;][vc_column offset=&#8221;vc_col-lg-8 vc_col-md-8&#8243;][vc_column_text css=&#8221;&#8221; el_class=&#8221;txt-sec-2&#8243;] Le RU &#8211; 100 Montcalm Offering 102 apartments spread over 6 floors. Sophisticated design as well as superior soundproofing in each condo will provide an optimal quality of life for residents.[\/vc_column_text][\/vc_column][vc_column width=&#8221;2\/3&#8243; offset=&#8221;vc_col-lg-offset-0 vc_col-lg-4 vc_col-md-offset-0 vc_col-md-4 vc_col-sm-offset-2&#8243; el_class=&#8221;three-btn&#8221;][vc_btn title=&#8221;View our plans&#8221; size=&#8221;lg&#8221; align=&#8221;center&#8221; skin=&#8221;primary&#8221; button_block=&#8221;true&#8221; [&hellip;]<\/p>\n","protected":false},"author":13,"featured_media":0,"parent":0,"menu_order":0,"comment_status":"closed","ping_status":"closed","template":"","meta":{"inline_featured_image":false,"ngg_post_thumbnail":0,"footnotes":""},"class_list":["post-41","page","type-page","status-publish","hentry"],"_links":{"self":[{"href":"https:\/\/lerumontcalm.com\/en\/wp-json\/wp\/v2\/pages\/41","targetHints":{"allow":["GET"]}}],"collection":[{"href":"https:\/\/lerumontcalm.com\/en\/wp-json\/wp\/v2\/pages"}],"about":[{"href":"https:\/\/lerumontcalm.com\/en\/wp-json\/wp\/v2\/types\/page"}],"author":[{"embeddable":true,"href":"https:\/\/lerumontcalm.com\/en\/wp-json\/wp\/v2\/users\/13"}],"replies":[{"embeddable":true,"href":"https:\/\/lerumontcalm.com\/en\/wp-json\/wp\/v2\/comments?post=41"}],"version-history":[{"count":11,"href":"https:\/\/lerumontcalm.com\/en\/wp-json\/wp\/v2\/pages\/41\/revisions"}],"predecessor-version":[{"id":1763,"href":"https:\/\/lerumontcalm.com\/en\/wp-json\/wp\/v2\/pages\/41\/revisions\/1763"}],"wp:attachment":[{"href":"https:\/\/lerumontcalm.com\/en\/wp-json\/wp\/v2\/media?parent=41"}],"curies":[{"name":"wp","href":"https:\/\/api.w.org\/{rel}","templated":true}]}}